{"id":6,"date":"2023-07-13T16:13:44","date_gmt":"2023-07-13T15:13:44","guid":{"rendered":"https:\/\/bombeiroscerva.pt\/?page_id=6"},"modified":"2025-07-10T11:26:59","modified_gmt":"2025-07-10T10:26:59","slug":"home","status":"publish","type":"page","link":"https:\/\/bombeiroscerva.pt\/","title":{"rendered":"Home"},"content":{"rendered":"\n<div class=\"alignfull\"><div id=\"metaslider-id-54\" style=\"width: 100%;\" class=\"ml-slider-3-33-0 metaslider metaslider-flex metaslider-54 ml-slider ms-theme-default\" role=\"region\" aria-roledescription=\"Slideshow\" aria-label=\"New Slideshow\">\n    <div id=\"metaslider_container_54\">\n        <div id=\"metaslider_54\">\n            <ul aria-live=\"polite\" class=\"slides\">\n                <li style=\"display: block; width: 100%;\" class=\"slide-58 ms-image\" aria-roledescription=\"slide\" aria-label=\"slide-58\"><img loading=\"lazy\" decoding=\"async\" src=\"https:\/\/bombeiroscerva.pt\/wp-content\/uploads\/2023\/07\/1-343x85.jpg\" height=\"300\" width=\"1200\" alt=\"\" class=\"slider-54 slide-58\" title=\"1\" \/><\/li>\n                <li style=\"display: none; width: 100%;\" class=\"slide-59 ms-image\" aria-roledescription=\"slide\" aria-label=\"slide-59\"><img loading=\"lazy\" decoding=\"async\" src=\"https:\/\/bombeiroscerva.pt\/wp-content\/uploads\/2023\/07\/2-300x75.jpg\" height=\"300\" width=\"1200\" alt=\"\" class=\"slider-54 slide-59\" title=\"2\" \/><\/li>\n                <li style=\"display: none; width: 100%;\" class=\"slide-60 ms-image\" aria-roledescription=\"slide\" aria-label=\"slide-60\"><img loading=\"lazy\" decoding=\"async\" src=\"https:\/\/bombeiroscerva.pt\/wp-content\/uploads\/2023\/07\/3-850x212.jpeg\" height=\"300\" width=\"1200\" alt=\"\" class=\"slider-54 slide-60\" title=\"3\" \/><\/li>\n            <\/ul>\n        <\/div>\n        \n    <\/div>\n<\/div><\/div>\n\n\n\n<div class=\"wp-block-columns is-layout-flex wp-container-core-columns-is-layout-9d6595d7 wp-block-columns-is-layout-flex\">\n<div class=\"wp-block-column has-luminous-vivid-orange-background-color has-background is-layout-flow wp-block-column-is-layout-flow\">\n<h3 class=\"wp-block-heading has-text-align-center has-white-color has-text-color\"><strong>Associa\u00e7\u00e3o<\/strong><\/h3>\n\n\n\n<hr class=\"wp-block-separator has-alpha-channel-opacity\"\/>\n\n\n\n<div class=\"wp-block-buttons alignwide is-content-justification-center is-layout-flex wp-container-core-buttons-is-layout-16018d1d wp-block-buttons-is-layout-flex\">\n<div class=\"wp-block-button has-custom-width wp-block-button__width-50 has-custom-font-size has-small-font-size\"><a class=\"wp-block-button__link wp-element-button\" href=\"https:\/\/bombeiroscerva.pt\/index.php\/associacao\/\" style=\"border-radius:14px\">Ler Mais<\/a><\/div>\n<\/div>\n<\/div>\n\n\n\n<div class=\"wp-block-column has-luminous-vivid-orange-background-color has-background is-layout-flow wp-block-column-is-layout-flow\">\n<h3 class=\"wp-block-heading has-text-align-center has-white-color has-text-color\"><strong>Corpo  de Bombeiro<\/strong><\/h3>\n\n\n\n<hr class=\"wp-block-separator has-alpha-channel-opacity\"\/>\n\n\n\n<div class=\"wp-block-buttons alignwide is-content-justification-center is-layout-flex wp-container-core-buttons-is-layout-16018d1d wp-block-buttons-is-layout-flex\">\n<div class=\"wp-block-button has-custom-width wp-block-button__width-50 has-custom-font-size has-small-font-size\"><a class=\"wp-block-button__link wp-element-button\" href=\"https:\/\/bombeiroscerva.pt\/index.php\/corpo-de-bombeiros\/\" style=\"border-radius:14px\">Ler Mais<\/a><\/div>\n<\/div>\n<\/div>\n\n\n\n<div class=\"wp-block-column has-luminous-vivid-orange-background-color has-background is-layout-flow wp-block-column-is-layout-flow\">\n<h3 class=\"wp-block-heading has-text-align-center has-white-color has-text-color\"><strong>Recrutamento<\/strong><\/h3>\n\n\n\n<hr class=\"wp-block-separator has-alpha-channel-opacity\"\/>\n\n\n\n<div class=\"wp-block-buttons alignwide is-content-justification-center is-layout-flex wp-container-core-buttons-is-layout-16018d1d wp-block-buttons-is-layout-flex\">\n<div class=\"wp-block-button has-custom-width wp-block-button__width-50 has-custom-font-size has-small-font-size\"><a class=\"wp-block-button__link wp-element-button\" href=\"https:\/\/bombeiroscerva.pt\/index.php\/escola-de-infantes-e-cadetes\/\" style=\"border-radius:14px\">Ler Mais<\/a><\/div>\n<\/div>\n<\/div>\n<\/div>\n\n\n\n<p class=\"has-background\" style=\"background-color:#f2f2f2\"><\/p>\n\n\n\n<div class=\"wp-block-media-text alignfull is-stacked-on-mobile has-background\" style=\"background-color:#d3d3d3\"><figure class=\"wp-block-media-text__media\"><img loading=\"lazy\" decoding=\"async\" width=\"362\" height=\"139\" src=\"https:\/\/bombeiroscerva.pt\/wp-content\/uploads\/2023\/07\/4.jpg\" alt=\"\" class=\"wp-image-62 size-full\" srcset=\"https:\/\/bombeiroscerva.pt\/wp-content\/uploads\/2023\/07\/4.jpg 362w, https:\/\/bombeiroscerva.pt\/wp-content\/uploads\/2023\/07\/4-300x115.jpg 300w\" sizes=\"auto, (max-width: 362px) 100vw, 362px\" \/><\/figure><div class=\"wp-block-media-text__content\">\n<h2 class=\"wp-block-heading has-text-align-center has-black-color has-text-color\"><strong>Junte-se a N\u00f3s<\/strong><\/h2>\n\n\n\n<p class=\"has-text-align-center has-black-color has-text-color\">Seja socio da Associa\u00e7\u00e3o Humanit\u00e1ria de Bombeiros de Cerva<\/p>\n\n\n\n<div class=\"wp-block-buttons is-content-justification-center is-layout-flex wp-container-core-buttons-is-layout-16018d1d wp-block-buttons-is-layout-flex\">\n<div class=\"wp-block-button has-custom-width wp-block-button__width-25 has-custom-font-size has-small-font-size\"><a class=\"wp-block-button__link wp-element-button\" href=\"https:\/\/bombeiroscerva.pt\/index.php\/socios\/\" style=\"border-radius:14px\"><strong>Saiba Mais<\/strong><\/a><\/div>\n<\/div>\n<\/div><\/div>\n\n\n\n<p class=\"has-background\" style=\"background-color:#f2f2f2\"><\/p>\n\n\n\n<h2 class=\"wp-block-heading has-text-align-center has-text-color\" style=\"color:#989292\"><strong>Noticia<\/strong><\/h2>\n\n\n\n<div class=\"wp-block-columns is-layout-flex wp-container-core-columns-is-layout-9d6595d7 wp-block-columns-is-layout-flex\">\n<div class=\"wp-block-column is-layout-flow wp-block-column-is-layout-flow\">\n<h2 class=\"wp-block-heading has-text-align-center\">Imagem<\/h2>\n\n\n\n<p>Sintopse da noticia<\/p>\n\n\n\n<div class=\"wp-block-buttons is-layout-flex wp-block-buttons-is-layout-flex\">\n<div class=\"wp-block-button has-custom-width wp-block-button__width-50 has-custom-font-size has-small-font-size\"><a class=\"wp-block-button__link has-luminous-vivid-orange-background-color has-background wp-element-button\" href=\"https:\/\/bombeiroscerva.pt\/index.php\/noticia-1\/\" style=\"border-radius:14px\"><strong>Ler Mais<\/strong><\/a><\/div>\n<\/div>\n<\/div>\n\n\n\n<div class=\"wp-block-column is-layout-flow wp-block-column-is-layout-flow\">\n<h2 class=\"wp-block-heading has-text-align-center\">Imagem<\/h2>\n\n\n\n<p>Sintopse da noticia<\/p>\n\n\n\n<div class=\"wp-block-buttons is-layout-flex wp-block-buttons-is-layout-flex\">\n<div class=\"wp-block-button has-custom-width wp-block-button__width-50 has-custom-font-size has-small-font-size\"><a class=\"wp-block-button__link has-luminous-vivid-orange-background-color has-background wp-element-button\" href=\"https:\/\/bombeiroscerva.pt\/index.php\/noticia-2\/\" style=\"border-radius:14px\"><strong>Ler Mais<\/strong><\/a><\/div>\n<\/div>\n<\/div>\n\n\n\n<div class=\"wp-block-column is-layout-flow wp-block-column-is-layout-flow\">\n<h2 class=\"wp-block-heading has-text-align-center\">Imagem<\/h2>\n\n\n\n<p>Sintopse da noticia<\/p>\n\n\n\n<div class=\"wp-block-buttons is-layout-flex wp-block-buttons-is-layout-flex\">\n<div class=\"wp-block-button has-custom-width wp-block-button__width-50 has-custom-font-size has-small-font-size\"><a class=\"wp-block-button__link has-luminous-vivid-orange-background-color has-background wp-element-button\" href=\"https:\/\/bombeiroscerva.pt\/index.php\/noticia-3\/\" style=\"border-radius:14px\"><strong>Ler Mais<\/strong><\/a><\/div>\n<\/div>\n<\/div>\n<\/div>\n\n\n\n<div class=\"wp-block-columns alignfull has-black-background-color has-background is-layout-flex wp-container-core-columns-is-layout-9d6595d7 wp-block-columns-is-layout-flex\">\n<div class=\"wp-block-column has-black-background-color has-background is-layout-flow wp-block-column-is-layout-flow\">\n<h3 class=\"wp-block-heading has-text-align-center has-white-color has-text-color\"><strong>Contactos<\/strong><\/h3>\n\n\n\n<h3 class=\"wp-block-heading has-text-align-center has-white-color has-text-color\"><strong>Telefone de Emerg\u00eancia<\/strong><\/h3>\n\n\n\n<p class=\"has-text-align-center has-luminous-vivid-amber-color has-text-color\">112<\/p>\n\n\n\n<h3 class=\"wp-block-heading has-text-align-center has-white-color has-text-color\"><strong>Email<\/strong><\/h3>\n\n\n\n<p class=\"has-text-align-center has-luminous-vivid-amber-color has-text-color\">bombeiroscerva@hotmail.com<\/p>\n\n\n\n<h3 class=\"wp-block-heading has-text-align-center has-white-color has-text-color\"><strong>Telefone<\/strong><\/h3>\n\n\n\n<p class=\"has-text-align-center has-luminous-vivid-amber-color has-text-color\">259 470 311<\/p>\n\n\n\n<h3 class=\"wp-block-heading has-text-align-center has-white-color has-text-color\"><strong>Email do Comando<\/strong><\/h3>\n\n\n\n<p class=\"has-text-align-center has-luminous-vivid-amber-color has-text-color\">comandantecerva@gmail.com<\/p>\n<\/div>\n\n\n\n<div class=\"wp-block-column is-layout-flow wp-block-column-is-layout-flow\">\n<iframe src=\"https:\/\/www.google.com\/maps\/embed?pb=!1m23!1m12!1m3!1d888.7928837189872!2d-7.8488083135033495!3d41.47108647082019!2m3!1f0!2f0!3f0!3m2!1i1024!2i768!4f13.1!4m8!3e6!4m0!4m5!1s0xd24cdbfa3beba3d%3A0xe6e801c5eafc1a89!2sbombeiros%20da%20cerva!3m2!1d41.470903799999995!2d-7.8487969!5e0!3m2!1spt-PT!2spt!4v1689264165398!5m2!1spt-PT!2spt\" width=\"600\" height=\"450\" style=\"border:0;\" allowfullscreen=\"\" loading=\"lazy\" referrerpolicy=\"no-referrer-when-downgrade\"><\/iframe>\n<\/div>\n<\/div>\n","protected":false},"excerpt":{"rendered":"<p>Associa\u00e7\u00e3o Corpo de Bombeiro Recrutamento Noticia Imagem Sintopse da noticia Imagem Sintopse da noticia Imagem Sintopse da noticia Contactos Telefone de Emerg\u00eancia 112 Email bombeiroscerva@hotmail.com&hellip;<\/p>\n","protected":false},"author":1,"featured_media":0,"parent":0,"menu_order":0,"comment_status":"closed","ping_status":"closed","template":"","meta":{"footnotes":""},"class_list":["post-6","page","type-page","status-publish","hentry"],"_links":{"self":[{"href":"https:\/\/bombeiroscerva.pt\/index.php\/wp-json\/wp\/v2\/pages\/6","targetHints":{"allow":["GET"]}}],"collection":[{"href":"https:\/\/bombeiroscerva.pt\/index.php\/wp-json\/wp\/v2\/pages"}],"about":[{"href":"https:\/\/bombeiroscerva.pt\/index.php\/wp-json\/wp\/v2\/types\/page"}],"author":[{"embeddable":true,"href":"https:\/\/bombeiroscerva.pt\/index.php\/wp-json\/wp\/v2\/users\/1"}],"replies":[{"embeddable":true,"href":"https:\/\/bombeiroscerva.pt\/index.php\/wp-json\/wp\/v2\/comments?post=6"}],"version-history":[{"count":7,"href":"https:\/\/bombeiroscerva.pt\/index.php\/wp-json\/wp\/v2\/pages\/6\/revisions"}],"predecessor-version":[{"id":288,"href":"https:\/\/bombeiroscerva.pt\/index.php\/wp-json\/wp\/v2\/pages\/6\/revisions\/288"}],"wp:attachment":[{"href":"https:\/\/bombeiroscerva.pt\/index.php\/wp-json\/wp\/v2\/media?parent=6"}],"curies":[{"name":"wp","href":"https:\/\/api.w.org\/{rel}","templated":true}]}}