{"id":131,"date":"2023-07-14T10:15:37","date_gmt":"2023-07-14T09:15:37","guid":{"rendered":"https:\/\/bombeiroscerva.pt\/?page_id=131"},"modified":"2025-10-22T12:47:48","modified_gmt":"2025-10-22T11:47:48","slug":"noticia-3","status":"publish","type":"page","link":"https:\/\/bombeiroscerva.pt\/index.php\/noticia-3\/","title":{"rendered":"Escola de Estagi\u00e1rios 2025\/2026 \u2013 Novas Gera\u00e7\u00f5es ao Servi\u00e7o da Comunidade"},"content":{"rendered":"<p>A Associa\u00e7\u00e3o Humanit\u00e1ria dos Bombeiros Volunt\u00e1rios de Cerva deu in\u00edcio, na \u00faltima semana de setembro de 2025, \u00e0 Escola de Estagi\u00e1rios 2025\/2026, um momento marcante que simboliza a renova\u00e7\u00e3o e a continuidade da miss\u00e3o de servir.<br \/>\nEste ano, 18 novos candidatos abra\u00e7aram o desafio de integrar esta nobre causa, movidos por um profundo esp\u00edrito de coragem, dedica\u00e7\u00e3o e solidariedade \u2014 valores que definem a ess\u00eancia de ser bombeiro.<br \/>\nAo longo dos pr\u00f3ximos meses, estes estagi\u00e1rios ir\u00e3o receber forma\u00e7\u00e3o te\u00f3rica e pr\u00e1tica, preparando-se para enfrentar, com responsabilidade e profissionalismo, as exig\u00eancias do servi\u00e7o \u00e0 popula\u00e7\u00e3o.<br \/>\nA Associa\u00e7\u00e3o Humanit\u00e1ria dos Bombeiros Volunt\u00e1rios de Cerva orgulha-se de acolher esta nova gera\u00e7\u00e3o, que com o lema \u201cVida por Vida\u201d se compromete a honrar a tradi\u00e7\u00e3o e o prest\u00edgio desta institui\u00e7\u00e3o, colocando-se ao servi\u00e7o de todos, em qualquer momento e em qualquer circunst\u00e2ncia.<\/p>\n<div style=\"text-align: center; margin-top: 30px;\">\n  <a href=\"https:\/\/bombeiroscerva.pt\/wp-content\/uploads\/2025\/10\/e3.jpg\" target=\"_blank\" rel=\"noopener\"><br \/>\n    <img decoding=\"async\" src=\"https:\/\/bombeiroscerva.pt\/wp-content\/uploads\/2025\/10\/e3.jpg\" alt=\"Escola de Estagi\u00e1rios 2025\/2026 - Bombeiros Volunt\u00e1rios de Cerva\" style=\"max-width: 90%; height: auto; border-radius: 10px; box-shadow: 0 2px 6px rgba(0,0,0,0.3); margin-bottom: 20px;\"><br \/>\n  <\/a><\/p>\n<p>  <a href=\"https:\/\/bombeiroscerva.pt\/wp-content\/uploads\/2025\/10\/e2.jpg\" target=\"_blank\" rel=\"noopener\"><br \/>\n    <img decoding=\"async\" src=\"https:\/\/bombeiroscerva.pt\/wp-content\/uploads\/2025\/10\/e2.jpg\" alt=\"Escola de Estagi\u00e1rios 2025\/2026 - Bombeiros Volunt\u00e1rios de Cerva\" style=\"max-width: 90%; height: auto; border-radius: 10px; box-shadow: 0 2px 6px rgba(0,0,0,0.3);\"><br \/>\n  <\/a>\n<\/div>\n","protected":false},"excerpt":{"rendered":"<p>A Associa\u00e7\u00e3o Humanit\u00e1ria dos Bombeiros Volunt\u00e1rios de Cerva deu in\u00edcio, na \u00faltima semana de setembro de 2025, \u00e0 Escola de Estagi\u00e1rios 2025\/2026, um momento marcante&hellip;<\/p>\n","protected":false},"author":1,"featured_media":0,"parent":0,"menu_order":0,"comment_status":"closed","ping_status":"closed","template":"","meta":{"footnotes":""},"class_list":["post-131","page","type-page","status-publish","hentry"],"_links":{"self":[{"href":"https:\/\/bombeiroscerva.pt\/index.php\/wp-json\/wp\/v2\/pages\/131","targetHints":{"allow":["GET"]}}],"collection":[{"href":"https:\/\/bombeiroscerva.pt\/index.php\/wp-json\/wp\/v2\/pages"}],"about":[{"href":"https:\/\/bombeiroscerva.pt\/index.php\/wp-json\/wp\/v2\/types\/page"}],"author":[{"embeddable":true,"href":"https:\/\/bombeiroscerva.pt\/index.php\/wp-json\/wp\/v2\/users\/1"}],"replies":[{"embeddable":true,"href":"https:\/\/bombeiroscerva.pt\/index.php\/wp-json\/wp\/v2\/comments?post=131"}],"version-history":[{"count":3,"href":"https:\/\/bombeiroscerva.pt\/index.php\/wp-json\/wp\/v2\/pages\/131\/revisions"}],"predecessor-version":[{"id":338,"href":"https:\/\/bombeiroscerva.pt\/index.php\/wp-json\/wp\/v2\/pages\/131\/revisions\/338"}],"wp:attachment":[{"href":"https:\/\/bombeiroscerva.pt\/index.php\/wp-json\/wp\/v2\/media?parent=131"}],"curies":[{"name":"wp","href":"https:\/\/api.w.org\/{rel}","templated":true}]}}